{"id":491,"date":"2025-11-21T13:25:15","date_gmt":"2025-11-21T13:25:15","guid":{"rendered":"https:\/\/bullandbonito.com\/?page_id=491"},"modified":"2026-01-21T14:15:22","modified_gmt":"2026-01-21T14:15:22","slug":"impressum","status":"publish","type":"page","link":"https:\/\/bullandbonito.com\/de\/impressum\/","title":{"rendered":"Impressum"},"content":{"rendered":"<p>[et_pb_section fb_built=&#8220;1&#8243; admin_label=&#8220;section&#8220; _builder_version=&#8220;4.16&#8243; global_colors_info=&#8220;{}&#8220;][et_pb_row admin_label=&#8220;row&#8220; _builder_version=&#8220;4.27.4&#8243; background_size=&#8220;initial&#8220; background_position=&#8220;top_left&#8220; background_repeat=&#8220;repeat&#8220; custom_padding=&#8220;0px||||false|false&#8220; global_colors_info=&#8220;{}&#8220;][et_pb_column type=&#8220;4_4&#8243; _builder_version=&#8220;4.16&#8243; custom_padding=&#8220;|||&#8220; global_colors_info=&#8220;{}&#8220; custom_padding__hover=&#8220;|||&#8220;][et_pb_heading title=&#8220;@ET-DC@eyJkeW5hbWljIjp0cnVlLCJjb250ZW50IjoicG9zdF90aXRsZSIsInNldHRpbmdzIjp7ImJlZm9yZSI6IiIsImFmdGVyIjoiIn19@&#8220; _builder_version=&#8220;4.27.4&#8243; _dynamic_attributes=&#8220;title&#8220; _module_preset=&#8220;94e82188-1592-4cb1-8276-9e5b7e12da8b&#8220; global_colors_info=&#8220;{}&#8220;][\/et_pb_heading][et_pb_text _builder_version=&#8220;4.27.5&#8243; _module_preset=&#8220;7dfa024f-030f-4eb1-870a-9ae681457287&#8243; hover_enabled=&#8220;0&#8243; global_colors_info=&#8220;{}&#8220; sticky_enabled=&#8220;0&#8243;]<\/p>\n<p><strong>Angaben gem\u00e4\u00df \u00a7 5 DDG<\/strong><\/p>\n<p>HRG Hospitality B.V. &amp; Co. KG<br \/>Hauptstra\u00dfe 66<br \/>12159 Berlin<br \/>Deutschland<\/p>\n<p><strong>Gesch\u00e4ftsf\u00fchrung:<br \/><\/strong>Vertreten durch ihre pers\u00f6nlich haftende Gesellschafterin<br \/>HRG Hotels Management B.V.<br \/>Sloterweg 299<br \/>1171 VB Badhoevedorp<br \/>Netherlands<\/p>\n<p><strong>Gesch\u00e4ftsf\u00fchrer:<br \/><\/strong>Robert K. Kennedy<\/p>\n<p><strong>Generalvollmacht:<br \/><\/strong>Benedikt de Bruyn; Gordon Geiser<\/p>\n<p><strong>Kontakt information:<br \/><\/strong>Tel: +49 30 773 27 80 &#8211; 0<br \/>Fax: +49 30 773 27 80 &#8211; 29<br \/>E-Mail: info@revo-h.com<br \/>Web: www.revo-h.com<\/p>\n<p>Sitz der Gesellschaft: Berlin<br \/>Registergericht: Amtsgericht Berlin-Charlottenburg<br \/>Reg. Nr.: HRA 63360 B<br \/>USt-ID Nr.: DE418064850<\/p>\n<p><strong>T\u00e4tigkeitsbereich:<br \/><\/strong>Hotellerie, Hotelbetrieb, Hotelmanagement und Projektentwicklung<\/p>\n<p><strong>Haftung f\u00fcr Inhalte und externe Links (\u00a7 7\u201310 TMG)<br \/><\/strong>Die Inhalte dieser Webseite werden mit gr\u00f6\u00dftm\u00f6glicher Sorgfalt erstellt und regelm\u00e4\u00dfig aktualisiert. F\u00fcr die Richtigkeit, Vollst\u00e4ndigkeit und Aktualit\u00e4t \u00fcbernehmen wir jedoch keine Gew\u00e4hr. Als Diensteanbieter sind wir gem\u00e4\u00df \u00a7\u202f7 Abs.\u202f1 TMG f\u00fcr eigene Inhalte verantwortlich. Nach \u00a7\u00a7\u202f8\u201310 TMG besteht keine Verpflichtung, \u00fcbermittelte oder gespeicherte fremde Informationen zu \u00fcberwachen. Diese Webseite enth\u00e4lt Links zu externen Webseiten, auf deren Inhalte wir keinen Einfluss haben.<br \/>F\u00fcr die Inhalte der verlinkten Seiten sind ausschlie\u00dflich deren Betreiber verantwortlich.<\/p>\n<p><strong>Urheberrecht<br \/><\/strong>Alle Inhalte dieser Webseite sind urheberrechtlich gesch\u00fctzt. Eine Verwendung \u00fcber die gesetzlich zul\u00e4ssigen Grenzen hinaus bedarf der vorherigen schriftlichen Zustimmung, soweit nicht anders gekennzeichnet.<\/p>\n<p><strong>Verbraucherstreitbeilegung:<\/strong><br \/>Wir sind nicht bereit und nicht verpflichtet, an Streitbeilegungsverfahren vor einer Verbraucherschlichtungsstelle teilzunehmen.<\/p>\n<p><strong>Anwendbares Recht:<\/strong><br \/>Die rechtlichen Hinweise auf dieser Seite sowie alle Fragen und Streitigkeiten im Zusammenhang mit dieser Webseite unterliegen dem Recht der Bundesrepublik Deutschland.<\/p>\n<p>*Das Unternehmen ist Teil der Revo Hospitality Group.<\/p>\n<p>[\/et_pb_text][\/et_pb_column][\/et_pb_row][\/et_pb_section]<\/p>\n","protected":false},"excerpt":{"rendered":"<p>Angaben gem\u00e4\u00df \u00a7 5 DDG HRG Hospitality B.V. &amp; Co. KGHauptstra\u00dfe 6612159 BerlinDeutschland Gesch\u00e4ftsf\u00fchrung:Vertreten durch ihre pers\u00f6nlich haftende GesellschafterinHRG Hotels Management B.V.Sloterweg 2991171 VB BadhoevedorpNetherlands Gesch\u00e4ftsf\u00fchrer:Robert K. Kennedy Generalvollmacht:Benedikt de Bruyn; Gordon Geiser Kontakt information:Tel: +49 30 773 27 80 &#8211; 0Fax: +49 30 773 27 80 &#8211; 29E-Mail: info@revo-h.comWeb: www.revo-h.com Sitz der Gesellschaft: BerlinRegistergericht: [&hellip;]<\/p>\n","protected":false},"author":1,"featured_media":0,"parent":0,"menu_order":5,"comment_status":"closed","ping_status":"closed","template":"","meta":{"_et_pb_use_builder":"on","_et_pb_old_content":"","_et_gb_content_width":"","inline_featured_image":false,"footnotes":""},"class_list":["post-491","page","type-page","status-publish","hentry"],"yoast_head":"<!-- This site is optimized with the Yoast SEO plugin v27.5 - https:\/\/yoast.com\/product\/yoast-seo-wordpress\/ -->\n<title>Impressum ~ Bull &amp; Bonito - Modern Mediterranean restaurant - kitchen &amp; grill<\/title>\n<meta name=\"description\" content=\"Impressum von Bull &amp; Bonito: Alle Unternehmensangaben, Kontaktinformationen und rechtlichen Hinweise \u00fcbersichtlich auf einen Blick.\" \/>\n<meta name=\"robots\" content=\"index, follow, max-snippet:-1, max-image-preview:large, max-video-preview:-1\" \/>\n<link rel=\"canonical\" href=\"https:\/\/bullandbonito.com\/de\/impressum\/\" \/>\n<meta property=\"og:locale\" content=\"de_DE\" \/>\n<meta property=\"og:type\" content=\"article\" \/>\n<meta property=\"og:title\" content=\"Impressum ~ Bull &amp; Bonito - Modern Mediterranean restaurant - kitchen &amp; grill\" \/>\n<meta property=\"og:description\" content=\"Impressum von Bull &amp; Bonito: Alle Unternehmensangaben, Kontaktinformationen und rechtlichen Hinweise \u00fcbersichtlich auf einen Blick.\" \/>\n<meta property=\"og:url\" content=\"https:\/\/bullandbonito.com\/de\/impressum\/\" \/>\n<meta property=\"og:site_name\" content=\"Bull &amp; Bonito - Modern Mediterranean restaurant - kitchen &amp; grill\" \/>\n<meta property=\"article:publisher\" content=\"https:\/\/www.facebook.com\/bullbonito\" \/>\n<meta property=\"article:modified_time\" content=\"2026-01-21T14:15:22+00:00\" \/>\n<meta property=\"og:image\" content=\"https:\/\/bullandbonito.com\/wp-content\/uploads\/2025\/11\/speisen-1.jpg\" \/>\n\t<meta property=\"og:image:width\" content=\"1200\" \/>\n\t<meta property=\"og:image:height\" content=\"800\" \/>\n\t<meta property=\"og:image:type\" content=\"image\/jpeg\" \/>\n<meta name=\"twitter:card\" content=\"summary_large_image\" \/>\n<meta name=\"twitter:label1\" content=\"Gesch\u00e4tzte Lesezeit\" \/>\n\t<meta name=\"twitter:data1\" content=\"2\u00a0Minuten\" \/>\n<script type=\"application\/ld+json\" class=\"yoast-schema-graph\">{\"@context\":\"https:\\\/\\\/schema.org\",\"@graph\":[{\"@type\":\"WebPage\",\"@id\":\"https:\\\/\\\/bullandbonito.com\\\/de\\\/impressum\\\/\",\"url\":\"https:\\\/\\\/bullandbonito.com\\\/de\\\/impressum\\\/\",\"name\":\"Impressum ~ Bull &amp; Bonito - Modern Mediterranean restaurant - kitchen &amp; grill\",\"isPartOf\":{\"@id\":\"https:\\\/\\\/p-h2rkz4.project.space\\\/#website\"},\"datePublished\":\"2025-11-21T13:25:15+00:00\",\"dateModified\":\"2026-01-21T14:15:22+00:00\",\"description\":\"Impressum von Bull & Bonito: Alle Unternehmensangaben, Kontaktinformationen und rechtlichen Hinweise \u00fcbersichtlich auf einen Blick.\",\"breadcrumb\":{\"@id\":\"https:\\\/\\\/bullandbonito.com\\\/de\\\/impressum\\\/#breadcrumb\"},\"inLanguage\":\"de\",\"potentialAction\":[{\"@type\":\"ReadAction\",\"target\":[\"https:\\\/\\\/bullandbonito.com\\\/de\\\/impressum\\\/\"]}]},{\"@type\":\"BreadcrumbList\",\"@id\":\"https:\\\/\\\/bullandbonito.com\\\/de\\\/impressum\\\/#breadcrumb\",\"itemListElement\":[{\"@type\":\"ListItem\",\"position\":1,\"name\":\"Startseite\",\"item\":\"https:\\\/\\\/bullandbonito.com\\\/de\\\/\"},{\"@type\":\"ListItem\",\"position\":2,\"name\":\"Impressum\"}]},{\"@type\":\"WebSite\",\"@id\":\"https:\\\/\\\/p-h2rkz4.project.space\\\/#website\",\"url\":\"https:\\\/\\\/p-h2rkz4.project.space\\\/\",\"name\":\"Bull & Bonito - Modern Mediterranean restaurant - kitchen & grill\",\"description\":\"\",\"publisher\":{\"@id\":\"https:\\\/\\\/p-h2rkz4.project.space\\\/#organization\"},\"potentialAction\":[{\"@type\":\"SearchAction\",\"target\":{\"@type\":\"EntryPoint\",\"urlTemplate\":\"https:\\\/\\\/p-h2rkz4.project.space\\\/?s={search_term_string}\"},\"query-input\":{\"@type\":\"PropertyValueSpecification\",\"valueRequired\":true,\"valueName\":\"search_term_string\"}}],\"inLanguage\":\"de\"},{\"@type\":\"Organization\",\"@id\":\"https:\\\/\\\/p-h2rkz4.project.space\\\/#organization\",\"name\":\"Bull & Bonito - Modern Mediterranean restaurant - kitchen & grill\",\"url\":\"https:\\\/\\\/p-h2rkz4.project.space\\\/\",\"logo\":{\"@type\":\"ImageObject\",\"inLanguage\":\"de\",\"@id\":\"https:\\\/\\\/p-h2rkz4.project.space\\\/#\\\/schema\\\/logo\\\/image\\\/\",\"url\":\"https:\\\/\\\/bullandbonito.com\\\/wp-content\\\/uploads\\\/2025\\\/11\\\/bull-and-bonito_logo.png\",\"contentUrl\":\"https:\\\/\\\/bullandbonito.com\\\/wp-content\\\/uploads\\\/2025\\\/11\\\/bull-and-bonito_logo.png\",\"width\":401,\"height\":139,\"caption\":\"Bull & Bonito - Modern Mediterranean restaurant - kitchen & grill\"},\"image\":{\"@id\":\"https:\\\/\\\/p-h2rkz4.project.space\\\/#\\\/schema\\\/logo\\\/image\\\/\"},\"sameAs\":[\"https:\\\/\\\/www.facebook.com\\\/bullbonito\",\"https:\\\/\\\/www.instagram.com\\\/bull.and.bonito\\\/\"]}]}<\/script>\n<!-- \/ Yoast SEO plugin. -->","yoast_head_json":{"title":"Impressum ~ Bull &amp; Bonito - Modern Mediterranean restaurant - kitchen &amp; grill","description":"Impressum von Bull & Bonito: Alle Unternehmensangaben, Kontaktinformationen und rechtlichen Hinweise \u00fcbersichtlich auf einen Blick.","robots":{"index":"index","follow":"follow","max-snippet":"max-snippet:-1","max-image-preview":"max-image-preview:large","max-video-preview":"max-video-preview:-1"},"canonical":"https:\/\/bullandbonito.com\/de\/impressum\/","og_locale":"de_DE","og_type":"article","og_title":"Impressum ~ Bull &amp; Bonito - Modern Mediterranean restaurant - kitchen &amp; grill","og_description":"Impressum von Bull & Bonito: Alle Unternehmensangaben, Kontaktinformationen und rechtlichen Hinweise \u00fcbersichtlich auf einen Blick.","og_url":"https:\/\/bullandbonito.com\/de\/impressum\/","og_site_name":"Bull &amp; Bonito - Modern Mediterranean restaurant - kitchen &amp; grill","article_publisher":"https:\/\/www.facebook.com\/bullbonito","article_modified_time":"2026-01-21T14:15:22+00:00","og_image":[{"width":1200,"height":800,"url":"https:\/\/bullandbonito.com\/wp-content\/uploads\/2025\/11\/speisen-1.jpg","type":"image\/jpeg"}],"twitter_card":"summary_large_image","twitter_misc":{"Gesch\u00e4tzte Lesezeit":"2\u00a0Minuten"},"schema":{"@context":"https:\/\/schema.org","@graph":[{"@type":"WebPage","@id":"https:\/\/bullandbonito.com\/de\/impressum\/","url":"https:\/\/bullandbonito.com\/de\/impressum\/","name":"Impressum ~ Bull &amp; Bonito - Modern Mediterranean restaurant - kitchen &amp; grill","isPartOf":{"@id":"https:\/\/p-h2rkz4.project.space\/#website"},"datePublished":"2025-11-21T13:25:15+00:00","dateModified":"2026-01-21T14:15:22+00:00","description":"Impressum von Bull & Bonito: Alle Unternehmensangaben, Kontaktinformationen und rechtlichen Hinweise \u00fcbersichtlich auf einen Blick.","breadcrumb":{"@id":"https:\/\/bullandbonito.com\/de\/impressum\/#breadcrumb"},"inLanguage":"de","potentialAction":[{"@type":"ReadAction","target":["https:\/\/bullandbonito.com\/de\/impressum\/"]}]},{"@type":"BreadcrumbList","@id":"https:\/\/bullandbonito.com\/de\/impressum\/#breadcrumb","itemListElement":[{"@type":"ListItem","position":1,"name":"Startseite","item":"https:\/\/bullandbonito.com\/de\/"},{"@type":"ListItem","position":2,"name":"Impressum"}]},{"@type":"WebSite","@id":"https:\/\/p-h2rkz4.project.space\/#website","url":"https:\/\/p-h2rkz4.project.space\/","name":"Bull & Bonito - Modern Mediterranean restaurant - kitchen & grill","description":"","publisher":{"@id":"https:\/\/p-h2rkz4.project.space\/#organization"},"potentialAction":[{"@type":"SearchAction","target":{"@type":"EntryPoint","urlTemplate":"https:\/\/p-h2rkz4.project.space\/?s={search_term_string}"},"query-input":{"@type":"PropertyValueSpecification","valueRequired":true,"valueName":"search_term_string"}}],"inLanguage":"de"},{"@type":"Organization","@id":"https:\/\/p-h2rkz4.project.space\/#organization","name":"Bull & Bonito - Modern Mediterranean restaurant - kitchen & grill","url":"https:\/\/p-h2rkz4.project.space\/","logo":{"@type":"ImageObject","inLanguage":"de","@id":"https:\/\/p-h2rkz4.project.space\/#\/schema\/logo\/image\/","url":"https:\/\/bullandbonito.com\/wp-content\/uploads\/2025\/11\/bull-and-bonito_logo.png","contentUrl":"https:\/\/bullandbonito.com\/wp-content\/uploads\/2025\/11\/bull-and-bonito_logo.png","width":401,"height":139,"caption":"Bull & Bonito - Modern Mediterranean restaurant - kitchen & grill"},"image":{"@id":"https:\/\/p-h2rkz4.project.space\/#\/schema\/logo\/image\/"},"sameAs":["https:\/\/www.facebook.com\/bullbonito","https:\/\/www.instagram.com\/bull.and.bonito\/"]}]}},"_links":{"self":[{"href":"https:\/\/bullandbonito.com\/de\/wp-json\/wp\/v2\/pages\/491","targetHints":{"allow":["GET"]}}],"collection":[{"href":"https:\/\/bullandbonito.com\/de\/wp-json\/wp\/v2\/pages"}],"about":[{"href":"https:\/\/bullandbonito.com\/de\/wp-json\/wp\/v2\/types\/page"}],"author":[{"embeddable":true,"href":"https:\/\/bullandbonito.com\/de\/wp-json\/wp\/v2\/users\/1"}],"replies":[{"embeddable":true,"href":"https:\/\/bullandbonito.com\/de\/wp-json\/wp\/v2\/comments?post=491"}],"version-history":[{"count":5,"href":"https:\/\/bullandbonito.com\/de\/wp-json\/wp\/v2\/pages\/491\/revisions"}],"predecessor-version":[{"id":633,"href":"https:\/\/bullandbonito.com\/de\/wp-json\/wp\/v2\/pages\/491\/revisions\/633"}],"wp:attachment":[{"href":"https:\/\/bullandbonito.com\/de\/wp-json\/wp\/v2\/media?parent=491"}],"curies":[{"name":"wp","href":"https:\/\/api.w.org\/{rel}","templated":true}]}}